{"id":416,"date":"2013-09-05T17:57:22","date_gmt":"2013-09-05T17:57:22","guid":{"rendered":"http:\/\/efnl.org\/rom\/?page_id=416"},"modified":"2022-07-01T11:37:00","modified_gmt":"2022-07-01T09:37:00","slug":"calendarul-evenimentelor","status":"publish","type":"page","link":"http:\/\/efnl.org\/rom\/calendarul-evenimentelor\/","title":{"rendered":"Evenimente"},"content":{"rendered":"<div class=\"kvgmc6g5 cxmmr5t8 oygrvhab hcukyx3x c1et5uql\">Tab\u0103r\u0103 de studiere intensiv\u0103 a limbii engleze. Lec\u021bii interactive. Fonetic\u0103 \u0219i comunicare cu nativi. Simplu, treptat, consistent.<\/div>\n<div class=\"cxmmr5t8 oygrvhab hcukyx3x c1et5uql o9v6fnle\">Offline. Atmosfer\u0103 de vacan\u021b\u0103, odihn\u0103 activ\u0103.<\/div>\n<div class=\"cxmmr5t8 oygrvhab hcukyx3x c1et5uql o9v6fnle\">\u0218ase ore de englez\u0103 pe zi \u00eentr-un anturaj de tab\u0103r\u0103.<\/div>\n<div class=\"cxmmr5t8 oygrvhab hcukyx3x c1et5uql o9v6fnle\">170$ pre\u021bul taberei<\/div>\n<div class=\"cxmmr5t8 oygrvhab hcukyx3x c1et5uql o9v6fnle\">Achitarea este posibil\u0103 online la link-ul de mai jos sau la oficiul nostru din Chi\u0219in\u0103u, str. Alexandru cel Bun 62, Sc. 4, of. 39; \u00een fiecare luni \u0219i joi de la 12:00 la 19:30.<br \/>\nTelefona\u021bi preventiv contabila: +37379005865<\/div>\n<div class=\"cxmmr5t8 oygrvhab hcukyx3x c1et5uql o9v6fnle\">Detalii \u0219i \u00eenscriere: <a class=\"oajrlxb2 g5ia77u1 qu0x051f esr5mh6w e9989ue4 r7d6kgcz rq0escxv nhd2j8a9 nc684nl6 p7hjln8o kvgmc6g5 cxmmr5t8 oygrvhab hcukyx3x jb3vyjys rz4wbd8a qt6c0cv9 a8nywdso i1ao9s8h esuyzwwr f1sip0of lzcic4wl gpro0wi8 py34i1dx\" tabindex=\"0\" role=\"link\" href=\"https:\/\/efnl.online\/efnl_camps_2022?fbclid=IwAR32Xw6Q3yCbQnhm0-5QbTJmkLarrTszVE0377yXnTd49P6067hPubqZECo\" target=\"_blank\" rel=\"nofollow noopener\">https:\/\/efnl.online\/efnl_camps_2022<\/a><\/div>\n<div class=\"cxmmr5t8 oygrvhab hcukyx3x c1et5uql o9v6fnle\">Telefon de contact: +37368044412<a href=\"https:\/\/efnl.online\/efnl_camps_2022\"><img loading=\"lazy\" decoding=\"async\" class=\"alignleft wp-image-585 size-full\" src=\"http:\/\/efnl.org\/rom\/wp-content\/uploads\/2022\/07\/283153058_4690163961090023_6955607439912538201_n.jpg\" alt=\"\" width=\"1280\" height=\"474\" srcset=\"http:\/\/efnl.org\/rom\/wp-content\/uploads\/2022\/07\/283153058_4690163961090023_6955607439912538201_n.jpg 1280w, http:\/\/efnl.org\/rom\/wp-content\/uploads\/2022\/07\/283153058_4690163961090023_6955607439912538201_n-300x111.jpg 300w, http:\/\/efnl.org\/rom\/wp-content\/uploads\/2022\/07\/283153058_4690163961090023_6955607439912538201_n-768x284.jpg 768w, http:\/\/efnl.org\/rom\/wp-content\/uploads\/2022\/07\/283153058_4690163961090023_6955607439912538201_n-1024x379.jpg 1024w\" sizes=\"auto, (max-width: 1280px) 100vw, 1280px\" \/><\/a><\/div>\n<!-- AddThis Advanced Settings generic via filter on the_content --><!-- AddThis Share Buttons generic via filter on the_content -->","protected":false},"excerpt":{"rendered":"<p>Tab\u0103r\u0103 de studiere intensiv\u0103 a limbii engleze. Lec\u021bii interactive. Fonetic\u0103 \u0219i comunicare cu nativi. Simplu, treptat, consistent. Offline. Atmosfer\u0103 de vacan\u021b\u0103, odihn\u0103 activ\u0103. \u0218ase ore de englez\u0103 pe zi \u00eentr-un anturaj de tab\u0103r\u0103. 170$ pre\u021bul taberei Achitarea este posibil\u0103 online<!-- AddThis Advanced Settings generic via filter on get_the_excerpt --><!-- AddThis Share Buttons generic via filter on get_the_excerpt --><\/p>\n","protected":false},"author":4,"featured_media":0,"parent":0,"menu_order":3,"comment_status":"open","ping_status":"open","template":"","meta":{"jetpack_post_was_ever_published":false,"footnotes":""},"class_list":["post-416","page","type-page","status-publish","hentry"],"aioseo_notices":[],"jetpack_shortlink":"https:\/\/wp.me\/PQgsW-6I","jetpack_sharing_enabled":true,"_links":{"self":[{"href":"http:\/\/efnl.org\/rom\/wp-json\/wp\/v2\/pages\/416","targetHints":{"allow":["GET"]}}],"collection":[{"href":"http:\/\/efnl.org\/rom\/wp-json\/wp\/v2\/pages"}],"about":[{"href":"http:\/\/efnl.org\/rom\/wp-json\/wp\/v2\/types\/page"}],"author":[{"embeddable":true,"href":"http:\/\/efnl.org\/rom\/wp-json\/wp\/v2\/users\/4"}],"replies":[{"embeddable":true,"href":"http:\/\/efnl.org\/rom\/wp-json\/wp\/v2\/comments?post=416"}],"version-history":[{"count":14,"href":"http:\/\/efnl.org\/rom\/wp-json\/wp\/v2\/pages\/416\/revisions"}],"predecessor-version":[{"id":592,"href":"http:\/\/efnl.org\/rom\/wp-json\/wp\/v2\/pages\/416\/revisions\/592"}],"wp:attachment":[{"href":"http:\/\/efnl.org\/rom\/wp-json\/wp\/v2\/media?parent=416"}],"curies":[{"name":"wp","href":"https:\/\/api.w.org\/{rel}","templated":true}]}}