{"id":518,"date":"2015-06-24T07:07:47","date_gmt":"2015-06-24T04:07:47","guid":{"rendered":"http:\/\/efnl.org\/rom\/?page_id=518"},"modified":"2017-12-25T14:45:50","modified_gmt":"2017-12-25T12:45:50","slug":"grupe","status":"publish","type":"page","link":"http:\/\/efnl.org\/rom\/despre\/grupe\/","title":{"rendered":"Cursuri"},"content":{"rendered":"<p>Fiecare doritor de a \u00eenv\u0103\u021ba limba Englez\u0103 are posibilitatea s\u0103 se \u00eenscrie \u00een grupele, pe care le organizeaz\u0103 Asocia\u021bia noastr\u0103 at\u00e2t \u00een oficiul nostru, c\u00e2t \u0219i \u00een alte loca\u021bii din diferite localit\u0103\u021bi. V\u0103 prezent\u0103m graficul urm\u0103toarelor grupe la care v\u0103 pute\u021bi al\u0103tura:<\/p>\n<p>&nbsp;<\/p>\n<!-- AddThis Advanced Settings generic via filter on the_content --><!-- AddThis Share Buttons generic via filter on the_content -->","protected":false},"excerpt":{"rendered":"<p>Fiecare doritor de a \u00eenv\u0103\u021ba limba Englez\u0103 are posibilitatea s\u0103 se \u00eenscrie \u00een grupele, pe care le organizeaz\u0103 Asocia\u021bia noastr\u0103 at\u00e2t \u00een oficiul nostru, c\u00e2t \u0219i \u00een alte loca\u021bii din diferite localit\u0103\u021bi. V\u0103 prezent\u0103m graficul urm\u0103toarelor grupe la care v\u0103<!-- AddThis Advanced Settings generic via filter on get_the_excerpt --><!-- AddThis Share Buttons generic via filter on get_the_excerpt --><\/p>\n","protected":false},"author":1,"featured_media":519,"parent":238,"menu_order":0,"comment_status":"open","ping_status":"open","template":"page-templates\/template-business.php","meta":{"jetpack_post_was_ever_published":false,"footnotes":""},"class_list":["post-518","page","type-page","status-publish","has-post-thumbnail","hentry"],"aioseo_notices":[],"jetpack_shortlink":"https:\/\/wp.me\/PQgsW-8m","jetpack_sharing_enabled":true,"_links":{"self":[{"href":"http:\/\/efnl.org\/rom\/wp-json\/wp\/v2\/pages\/518","targetHints":{"allow":["GET"]}}],"collection":[{"href":"http:\/\/efnl.org\/rom\/wp-json\/wp\/v2\/pages"}],"about":[{"href":"http:\/\/efnl.org\/rom\/wp-json\/wp\/v2\/types\/page"}],"author":[{"embeddable":true,"href":"http:\/\/efnl.org\/rom\/wp-json\/wp\/v2\/users\/1"}],"replies":[{"embeddable":true,"href":"http:\/\/efnl.org\/rom\/wp-json\/wp\/v2\/comments?post=518"}],"version-history":[{"count":3,"href":"http:\/\/efnl.org\/rom\/wp-json\/wp\/v2\/pages\/518\/revisions"}],"predecessor-version":[{"id":545,"href":"http:\/\/efnl.org\/rom\/wp-json\/wp\/v2\/pages\/518\/revisions\/545"}],"up":[{"embeddable":true,"href":"http:\/\/efnl.org\/rom\/wp-json\/wp\/v2\/pages\/238"}],"wp:featuredmedia":[{"embeddable":true,"href":"http:\/\/efnl.org\/rom\/wp-json\/wp\/v2\/media\/519"}],"wp:attachment":[{"href":"http:\/\/efnl.org\/rom\/wp-json\/wp\/v2\/media?parent=518"}],"curies":[{"name":"wp","href":"https:\/\/api.w.org\/{rel}","templated":true}]}}