{"id":525,"date":"2015-06-24T07:33:38","date_gmt":"2015-06-24T04:33:38","guid":{"rendered":"http:\/\/efnl.org\/rom\/?page_id=525"},"modified":"2015-06-24T07:33:38","modified_gmt":"2015-06-24T04:33:38","slug":"tabere","status":"publish","type":"page","link":"http:\/\/efnl.org\/rom\/despre\/tabere\/","title":{"rendered":"Tabere"},"content":{"rendered":"<p>Taberele de limb\u0103 englez\u0103 sunt deja o tradi\u021bie \u00een asocia\u021bia noastr\u0103, un timp \u00een care to\u021bi doritorii de a \u00eenv\u0103\u021ba limba englez\u0103 au parte de lec\u021bii calitative cu profesori americani \u0219i moldoveni, dar \u0219i de alte activit\u0103\u021bi distractiv-cognitive, prin care \u00eenva\u021b\u0103 s\u0103 comunice \u00een englez\u0103.<\/p>\n<!-- AddThis Advanced Settings generic via filter on the_content --><!-- AddThis Share Buttons generic via filter on the_content -->","protected":false},"excerpt":{"rendered":"<p>Taberele de limb\u0103 englez\u0103 sunt deja o tradi\u021bie \u00een asocia\u021bia noastr\u0103, un timp \u00een care to\u021bi doritorii de a \u00eenv\u0103\u021ba limba englez\u0103 au parte de lec\u021bii calitative cu profesori americani \u0219i moldoveni, dar \u0219i de alte activit\u0103\u021bi distractiv-cognitive, prin care<!-- AddThis Advanced Settings generic via filter on get_the_excerpt --><!-- AddThis Share Buttons generic via filter on get_the_excerpt --><\/p>\n","protected":false},"author":1,"featured_media":151,"parent":238,"menu_order":0,"comment_status":"open","ping_status":"open","template":"page-templates\/template-business.php","meta":{"jetpack_post_was_ever_published":false,"footnotes":""},"class_list":["post-525","page","type-page","status-publish","has-post-thumbnail","hentry"],"aioseo_notices":[],"jetpack_shortlink":"https:\/\/wp.me\/PQgsW-8t","jetpack_sharing_enabled":true,"_links":{"self":[{"href":"http:\/\/efnl.org\/rom\/wp-json\/wp\/v2\/pages\/525","targetHints":{"allow":["GET"]}}],"collection":[{"href":"http:\/\/efnl.org\/rom\/wp-json\/wp\/v2\/pages"}],"about":[{"href":"http:\/\/efnl.org\/rom\/wp-json\/wp\/v2\/types\/page"}],"author":[{"embeddable":true,"href":"http:\/\/efnl.org\/rom\/wp-json\/wp\/v2\/users\/1"}],"replies":[{"embeddable":true,"href":"http:\/\/efnl.org\/rom\/wp-json\/wp\/v2\/comments?post=525"}],"version-history":[{"count":1,"href":"http:\/\/efnl.org\/rom\/wp-json\/wp\/v2\/pages\/525\/revisions"}],"predecessor-version":[{"id":526,"href":"http:\/\/efnl.org\/rom\/wp-json\/wp\/v2\/pages\/525\/revisions\/526"}],"up":[{"embeddable":true,"href":"http:\/\/efnl.org\/rom\/wp-json\/wp\/v2\/pages\/238"}],"wp:featuredmedia":[{"embeddable":true,"href":"http:\/\/efnl.org\/rom\/wp-json\/wp\/v2\/media\/151"}],"wp:attachment":[{"href":"http:\/\/efnl.org\/rom\/wp-json\/wp\/v2\/media?parent=525"}],"curies":[{"name":"wp","href":"https:\/\/api.w.org\/{rel}","templated":true}]}}