{"id":527,"date":"2015-06-24T07:37:37","date_gmt":"2015-06-24T04:37:37","guid":{"rendered":"http:\/\/efnl.org\/rom\/?page_id=527"},"modified":"2017-12-31T09:39:59","modified_gmt":"2017-12-31T07:39:59","slug":"seminare","status":"publish","type":"page","link":"http:\/\/efnl.org\/rom\/despre\/seminare\/","title":{"rendered":"Seminare"},"content":{"rendered":"<p>Cre\u0219tinii care cunosc limba englez\u0103 \u0219i doresc s\u0103 o foloseasc\u0103 \u00een calitate de instrument pentru vestirea Evangheliei sunt invita\u021bi s\u0103 treac\u0103 o preg\u0103tire.\u00a0<a href=\"https:\/\/eurasiaprecept.org\/textpage\/11.html\">Facultatea de limb\u0103 englez\u0103 a Institutului de Studiu Biblic Inductiv Eurasia<\/a>\u00a0preg\u0103te\u0219te profesori, misionari de limb\u0103 englez\u0103.<\/p>\n<!-- AddThis Advanced Settings generic via filter on the_content --><!-- AddThis Share Buttons generic via filter on the_content -->","protected":false},"excerpt":{"rendered":"<p>Cre\u0219tinii care cunosc limba englez\u0103 \u0219i doresc s\u0103 o foloseasc\u0103 \u00een calitate de instrument pentru vestirea Evangheliei sunt invita\u021bi s\u0103 treac\u0103 o preg\u0103tire.\u00a0Facultatea de limb\u0103 englez\u0103 a Institutului de Studiu Biblic Inductiv Eurasia\u00a0preg\u0103te\u0219te profesori, misionari de limb\u0103 englez\u0103.<!-- AddThis Advanced Settings generic via filter on get_the_excerpt --><!-- AddThis Share Buttons generic via filter on get_the_excerpt --><\/p>\n","protected":false},"author":1,"featured_media":529,"parent":238,"menu_order":0,"comment_status":"open","ping_status":"open","template":"page-templates\/template-business.php","meta":{"jetpack_post_was_ever_published":false,"footnotes":""},"class_list":["post-527","page","type-page","status-publish","has-post-thumbnail","hentry"],"aioseo_notices":[],"jetpack_shortlink":"https:\/\/wp.me\/PQgsW-8v","jetpack_sharing_enabled":true,"_links":{"self":[{"href":"http:\/\/efnl.org\/rom\/wp-json\/wp\/v2\/pages\/527","targetHints":{"allow":["GET"]}}],"collection":[{"href":"http:\/\/efnl.org\/rom\/wp-json\/wp\/v2\/pages"}],"about":[{"href":"http:\/\/efnl.org\/rom\/wp-json\/wp\/v2\/types\/page"}],"author":[{"embeddable":true,"href":"http:\/\/efnl.org\/rom\/wp-json\/wp\/v2\/users\/1"}],"replies":[{"embeddable":true,"href":"http:\/\/efnl.org\/rom\/wp-json\/wp\/v2\/comments?post=527"}],"version-history":[{"count":4,"href":"http:\/\/efnl.org\/rom\/wp-json\/wp\/v2\/pages\/527\/revisions"}],"predecessor-version":[{"id":554,"href":"http:\/\/efnl.org\/rom\/wp-json\/wp\/v2\/pages\/527\/revisions\/554"}],"up":[{"embeddable":true,"href":"http:\/\/efnl.org\/rom\/wp-json\/wp\/v2\/pages\/238"}],"wp:featuredmedia":[{"embeddable":true,"href":"http:\/\/efnl.org\/rom\/wp-json\/wp\/v2\/media\/529"}],"wp:attachment":[{"href":"http:\/\/efnl.org\/rom\/wp-json\/wp\/v2\/media?parent=527"}],"curies":[{"name":"wp","href":"https:\/\/api.w.org\/{rel}","templated":true}]}}